{"id":36,"date":"2022-11-04T13:45:21","date_gmt":"2022-11-04T12:45:21","guid":{"rendered":"https:\/\/noahsark-uganda.org\/?page_id=36"},"modified":"2022-12-29T18:51:37","modified_gmt":"2022-12-29T17:51:37","slug":"current-projects","status":"publish","type":"page","link":"https:\/\/noahsark-uganda.org\/de\/current-projects\/","title":{"rendered":"Aktuelle Projekte"},"content":{"rendered":"<div data-elementor-type=\"wp-page\" data-elementor-id=\"36\" class=\"elementor elementor-36\">\n\t\t\t\t\t\t<section class=\"elementor-section elementor-top-section elementor-element elementor-element-33f9b53 elementor-section-boxed elementor-section-height-default elementor-section-height-default wpr-particle-no wpr-jarallax-no wpr-parallax-no wpr-sticky-section-no wpr-equal-height-no\" data-id=\"33f9b53\" data-element_type=\"section\" data-e-type=\"section\">\n\t\t\t\t\t\t<div class=\"elementor-container elementor-column-gap-default\">\n\t\t\t\t\t<div class=\"elementor-column elementor-col-100 elementor-top-column elementor-element elementor-element-83a6f80\" data-id=\"83a6f80\" data-element_type=\"column\" data-e-type=\"column\">\n\t\t\t<div class=\"elementor-widget-wrap elementor-element-populated\">\n\t\t\t\t\t\t<div class=\"elementor-element elementor-element-0aa7d4b elementor-widget elementor-widget-text-editor\" data-id=\"0aa7d4b\" data-element_type=\"widget\" data-e-type=\"widget\" data-widget_type=\"text-editor.default\">\n\t\t\t\t<div class=\"elementor-widget-container\">\n\t\t\t\t\t\t\t\t\t<p><\/p>\n<p><span lang=\"en-GB\">Noah\u2019s Ark ruft einige Projekte ins Leben, um die Kinder besser zu versorgen, zum Beispiel einen Bauernhof, von dem wir Lebensmittel f\u00fcr die Kinder beziehen.<\/span><\/p>\n<p><\/p>\n<p style=\"line-height: 108%; margin-bottom: 0.28cm;\" class=\"translation-block\"><span style=\"font-size: medium\"><b>Ein Biogasprojekt<\/b><\/span> zur Versorgung mit Kochbrennstoff \u20ac 3.685,00 (14 Mio. UgShs)<\/p>\n<p style=\"line-height: 108%; margin-bottom: 0.28cm;\" class=\"translation-block\">Ein Bauernhof: Anmietung von 10 Hektar landwirtschaftlicher Nutzfl\u00e4che f\u00fcr den Anbau von Lebensmitteln, Obst, Gem\u00fcse und B\u00e4umen, damit sich das Projekt schlie\u00dflich selbst tragen kann. 780 \u20ac pro Hektar (3 Mio. Shs)\/Jahr<\/p>\n<p style=\"line-height: 108%; margin-bottom: 0.28cm;\" class=\"translation-block\">Auf dieser Farm werden Rinder, Gefl\u00fcgel und Schweine gehalten, alles wichtig f\u00fcr eine gesunde Ern\u00e4hrung und ein gutes Einkommen.<\/p>\n<p style=\"line-height: 108%; margin-bottom: 0.28cm;\"><span lang=\"en-US\">Gefl\u00fcgelprojekt insgesamt 1.840,00 \u20ac (14 Mio. UgShs)<\/span><\/p>\n<p style=\"line-height: 108%; margin-bottom: 0.28cm;\"><span lang=\"en-US\">Schweinestall-Projekt insgesamt 1.200,00 \u20ac (4,5 Mio. UgShs.)<\/span><\/p>\n<p style=\"line-height: 108%; margin-bottom: 0.28cm;\"><span lang=\"en-US\">Rinderprojekt 400,00 \u20ac\/Kuh (1,5 Mio. Shs) <\/span><\/p>\n<p style=\"line-height: 108%; margin-bottom: 0.28cm;\" lang=\"en-US\">\n<\/p><p style=\"line-height: 108%; margin-bottom: 0.28cm;\" class=\"translation-block\">Die Vermieterin des Grundst\u00fccks, auf dem sich das Haus befindet, war so gn\u00e4dig, uns ein weiteres Jahr Zeit zu geben, um das Grundst\u00fcck abzubezahlen. Das kostet etwa 80.000 \u20ac (300 Millionen Ug. Schillinge). Der gesamte Betrag ist noch ausstehend.<\/p>\n<p><style type=\"text\/css\">p { line-height: 115%; text-align: left; orphans: 2; widows: 2; margin-bottom: 0.25cm; direction: ltr; background: transparent }<\/style>\n<\/p>\t\t\t\t\t\t\t\t<\/div>\n\t\t\t\t<\/div>\n\t\t\t\t\t<\/div>\n\t\t<\/div>\n\t\t\t\t\t<\/div>\n\t\t<\/section>\n\t\t\t\t<\/div>","protected":false},"excerpt":{"rendered":"<p>Noah\u2019s ark has set up a few projects to help cater more for the children for example a farm where we get food for the children. A biogas project to cater for cooking fuel\u20ac3,685.00 (14m UgShs) A farm: renting 10 acres of agricultural land to grow food, fruits, vegetables and trees for the project to eventually be self-sustaining. \u20ac780\/acre (3m Shs)\/year On this farm, there will be cattle keeping, poultry and a piggeryall important for a healthy diet and cash income. Poultry project altogether \u20ac1,840.00 (14m UgShs) Piggery project altogether \u20ac1,200.00 (4,5m UgShs.) Cattle project \u20ac400.00 \/cow (1.5m Shs) The land lady of the premises where the home is found has been graciousenough to give us one more year to pay off the land. This costs about\u20ac80,000 (300 million Ug. Shillings). The whole amount is stillpending.<\/p>","protected":false},"author":1,"featured_media":0,"parent":0,"menu_order":0,"comment_status":"closed","ping_status":"closed","template":"","meta":{"ocean_post_layout":"","ocean_both_sidebars_style":"","ocean_both_sidebars_content_width":0,"ocean_both_sidebars_sidebars_width":0,"ocean_sidebar":"","ocean_second_sidebar":"","ocean_disable_margins":"enable","ocean_add_body_class":"","ocean_shortcode_before_top_bar":"","ocean_shortcode_after_top_bar":"","ocean_shortcode_before_header":"","ocean_shortcode_after_header":"","ocean_has_shortcode":"","ocean_shortcode_after_title":"","ocean_shortcode_before_footer_widgets":"","ocean_shortcode_after_footer_widgets":"","ocean_shortcode_before_footer_bottom":"","ocean_shortcode_after_footer_bottom":"","ocean_display_top_bar":"default","ocean_display_header":"default","ocean_header_style":"","ocean_center_header_left_menu":"","ocean_custom_header_template":"","ocean_custom_logo":0,"ocean_custom_retina_logo":0,"ocean_custom_logo_max_width":0,"ocean_custom_logo_tablet_max_width":0,"ocean_custom_logo_mobile_max_width":0,"ocean_custom_logo_max_height":0,"ocean_custom_logo_tablet_max_height":0,"ocean_custom_logo_mobile_max_height":0,"ocean_header_custom_menu":"","ocean_menu_typo_font_family":"","ocean_menu_typo_font_subset":"","ocean_menu_typo_font_size":0,"ocean_menu_typo_font_size_tablet":0,"ocean_menu_typo_font_size_mobile":0,"ocean_menu_typo_font_size_unit":"px","ocean_menu_typo_font_weight":"","ocean_menu_typo_font_weight_tablet":"","ocean_menu_typo_font_weight_mobile":"","ocean_menu_typo_transform":"","ocean_menu_typo_transform_tablet":"","ocean_menu_typo_transform_mobile":"","ocean_menu_typo_line_height":0,"ocean_menu_typo_line_height_tablet":0,"ocean_menu_typo_line_height_mobile":0,"ocean_menu_typo_line_height_unit":"","ocean_menu_typo_spacing":0,"ocean_menu_typo_spacing_tablet":0,"ocean_menu_typo_spacing_mobile":0,"ocean_menu_typo_spacing_unit":"","ocean_menu_link_color":"","ocean_menu_link_color_hover":"","ocean_menu_link_color_active":"","ocean_menu_link_background":"","ocean_menu_link_hover_background":"","ocean_menu_link_active_background":"","ocean_menu_social_links_bg":"","ocean_menu_social_hover_links_bg":"","ocean_menu_social_links_color":"","ocean_menu_social_hover_links_color":"","ocean_disable_title":"default","ocean_disable_heading":"default","ocean_post_title":"","ocean_post_subheading":"","ocean_post_title_style":"","ocean_post_title_background_color":"","ocean_post_title_background":0,"ocean_post_title_bg_image_position":"","ocean_post_title_bg_image_attachment":"","ocean_post_title_bg_image_repeat":"","ocean_post_title_bg_image_size":"","ocean_post_title_height":0,"ocean_post_title_bg_overlay":0.5,"ocean_post_title_bg_overlay_color":"","ocean_disable_breadcrumbs":"default","ocean_breadcrumbs_color":"","ocean_breadcrumbs_separator_color":"","ocean_breadcrumbs_links_color":"","ocean_breadcrumbs_links_hover_color":"","ocean_display_footer_widgets":"default","ocean_display_footer_bottom":"default","ocean_custom_footer_template":"","footnotes":""},"class_list":["post-36","page","type-page","status-publish","hentry","entry"],"yoast_head":"<!-- This site is optimized with the Yoast SEO plugin v27.5 - https:\/\/yoast.com\/product\/yoast-seo-wordpress\/ -->\n<title>Current Projects - Noah&#039;s Ark<\/title>\n<meta name=\"robots\" content=\"index, follow, max-snippet:-1, max-image-preview:large, max-video-preview:-1\" \/>\n<link rel=\"canonical\" href=\"https:\/\/noahsark-uganda.org\/de\/current-projects\/\" \/>\n<meta property=\"og:locale\" content=\"de_DE\" \/>\n<meta property=\"og:type\" content=\"article\" \/>\n<meta property=\"og:title\" content=\"Current Projects - Noah&#039;s Ark\" \/>\n<meta property=\"og:description\" content=\"Noah\u2019s ark has set up a few projects to help cater more for the children for example a farm where we get food for the children. A biogas project to cater for cooking fuel\u20ac3,685.00 (14m UgShs) A farm: renting 10 acres of agricultural land to grow food, fruits, vegetables and trees for the project to eventually be self-sustaining. \u20ac780\/acre (3m Shs)\/year On this farm, there will be cattle keeping, poultry and a piggeryall important for a healthy diet and cash income. Poultry project altogether \u20ac1,840.00 (14m UgShs) Piggery project altogether \u20ac1,200.00 (4,5m UgShs.) Cattle project \u20ac400.00 \/cow (1.5m Shs) The land lady of the premises where the home is found has been graciousenough to give us one more year to pay off the land. This costs about\u20ac80,000 (300 million Ug. Shillings). The whole amount is stillpending.\" \/>\n<meta property=\"og:url\" content=\"https:\/\/noahsark-uganda.org\/de\/current-projects\/\" \/>\n<meta property=\"og:site_name\" content=\"Noah&#039;s Ark\" \/>\n<meta property=\"article:modified_time\" content=\"2022-12-29T17:51:37+00:00\" \/>\n<meta name=\"twitter:card\" content=\"summary_large_image\" \/>\n<meta name=\"twitter:label1\" content=\"Gesch\u00e4tzte Lesezeit\" \/>\n\t<meta name=\"twitter:data1\" content=\"1\u00a0Minute\" \/>\n<script type=\"application\/ld+json\" class=\"yoast-schema-graph\">{\"@context\":\"https:\\\/\\\/schema.org\",\"@graph\":[{\"@type\":\"WebPage\",\"@id\":\"https:\\\/\\\/noahsark-uganda.org\\\/current-projects\\\/\",\"url\":\"https:\\\/\\\/noahsark-uganda.org\\\/current-projects\\\/\",\"name\":\"Current Projects - Noah&#039;s Ark\",\"isPartOf\":{\"@id\":\"https:\\\/\\\/noahsark-uganda.org\\\/#website\"},\"datePublished\":\"2022-11-04T12:45:21+00:00\",\"dateModified\":\"2022-12-29T17:51:37+00:00\",\"breadcrumb\":{\"@id\":\"https:\\\/\\\/noahsark-uganda.org\\\/current-projects\\\/#breadcrumb\"},\"inLanguage\":\"de\",\"potentialAction\":[{\"@type\":\"ReadAction\",\"target\":[\"https:\\\/\\\/noahsark-uganda.org\\\/current-projects\\\/\"]}]},{\"@type\":\"BreadcrumbList\",\"@id\":\"https:\\\/\\\/noahsark-uganda.org\\\/current-projects\\\/#breadcrumb\",\"itemListElement\":[{\"@type\":\"ListItem\",\"position\":1,\"name\":\"Startseite\",\"item\":\"https:\\\/\\\/noahsark-uganda.org\\\/\"},{\"@type\":\"ListItem\",\"position\":2,\"name\":\"Current Projects\"}]},{\"@type\":\"WebSite\",\"@id\":\"https:\\\/\\\/noahsark-uganda.org\\\/#website\",\"url\":\"https:\\\/\\\/noahsark-uganda.org\\\/\",\"name\":\"Noah&#039;s Ark\",\"description\":\"\",\"publisher\":{\"@id\":\"https:\\\/\\\/noahsark-uganda.org\\\/#organization\"},\"potentialAction\":[{\"@type\":\"SearchAction\",\"target\":{\"@type\":\"EntryPoint\",\"urlTemplate\":\"https:\\\/\\\/noahsark-uganda.org\\\/?s={search_term_string}\"},\"query-input\":{\"@type\":\"PropertyValueSpecification\",\"valueRequired\":true,\"valueName\":\"search_term_string\"}}],\"inLanguage\":\"de\"},{\"@type\":\"Organization\",\"@id\":\"https:\\\/\\\/noahsark-uganda.org\\\/#organization\",\"name\":\"Noah's Ark\",\"url\":\"https:\\\/\\\/noahsark-uganda.org\\\/\",\"logo\":{\"@type\":\"ImageObject\",\"inLanguage\":\"de\",\"@id\":\"https:\\\/\\\/noahsark-uganda.org\\\/#\\\/schema\\\/logo\\\/image\\\/\",\"url\":\"https:\\\/\\\/noahsark-uganda.org\\\/wp-content\\\/uploads\\\/2022\\\/11\\\/cropped-logo.jpeg\",\"contentUrl\":\"https:\\\/\\\/noahsark-uganda.org\\\/wp-content\\\/uploads\\\/2022\\\/11\\\/cropped-logo.jpeg\",\"width\":329,\"height\":90,\"caption\":\"Noah's Ark\"},\"image\":{\"@id\":\"https:\\\/\\\/noahsark-uganda.org\\\/#\\\/schema\\\/logo\\\/image\\\/\"}}]}<\/script>\n<!-- \/ Yoast SEO plugin. -->","yoast_head_json":{"title":"Current Projects - Noah&#039;s Ark","robots":{"index":"index","follow":"follow","max-snippet":"max-snippet:-1","max-image-preview":"max-image-preview:large","max-video-preview":"max-video-preview:-1"},"canonical":"https:\/\/noahsark-uganda.org\/de\/current-projects\/","og_locale":"de_DE","og_type":"article","og_title":"Current Projects - Noah&#039;s Ark","og_description":"Noah\u2019s ark has set up a few projects to help cater more for the children for example a farm where we get food for the children. A biogas project to cater for cooking fuel\u20ac3,685.00 (14m UgShs) A farm: renting 10 acres of agricultural land to grow food, fruits, vegetables and trees for the project to eventually be self-sustaining. \u20ac780\/acre (3m Shs)\/year On this farm, there will be cattle keeping, poultry and a piggeryall important for a healthy diet and cash income. Poultry project altogether \u20ac1,840.00 (14m UgShs) Piggery project altogether \u20ac1,200.00 (4,5m UgShs.) Cattle project \u20ac400.00 \/cow (1.5m Shs) The land lady of the premises where the home is found has been graciousenough to give us one more year to pay off the land. This costs about\u20ac80,000 (300 million Ug. Shillings). The whole amount is stillpending.","og_url":"https:\/\/noahsark-uganda.org\/de\/current-projects\/","og_site_name":"Noah&#039;s Ark","article_modified_time":"2022-12-29T17:51:37+00:00","twitter_card":"summary_large_image","twitter_misc":{"Gesch\u00e4tzte Lesezeit":"1\u00a0Minute"},"schema":{"@context":"https:\/\/schema.org","@graph":[{"@type":"WebPage","@id":"https:\/\/noahsark-uganda.org\/current-projects\/","url":"https:\/\/noahsark-uganda.org\/current-projects\/","name":"Current Projects - Noah&#039;s Ark","isPartOf":{"@id":"https:\/\/noahsark-uganda.org\/#website"},"datePublished":"2022-11-04T12:45:21+00:00","dateModified":"2022-12-29T17:51:37+00:00","breadcrumb":{"@id":"https:\/\/noahsark-uganda.org\/current-projects\/#breadcrumb"},"inLanguage":"de","potentialAction":[{"@type":"ReadAction","target":["https:\/\/noahsark-uganda.org\/current-projects\/"]}]},{"@type":"BreadcrumbList","@id":"https:\/\/noahsark-uganda.org\/current-projects\/#breadcrumb","itemListElement":[{"@type":"ListItem","position":1,"name":"Startseite","item":"https:\/\/noahsark-uganda.org\/"},{"@type":"ListItem","position":2,"name":"Current Projects"}]},{"@type":"WebSite","@id":"https:\/\/noahsark-uganda.org\/#website","url":"https:\/\/noahsark-uganda.org\/","name":"Noah&#039;s Ark","description":"","publisher":{"@id":"https:\/\/noahsark-uganda.org\/#organization"},"potentialAction":[{"@type":"SearchAction","target":{"@type":"EntryPoint","urlTemplate":"https:\/\/noahsark-uganda.org\/?s={search_term_string}"},"query-input":{"@type":"PropertyValueSpecification","valueRequired":true,"valueName":"search_term_string"}}],"inLanguage":"de"},{"@type":"Organization","@id":"https:\/\/noahsark-uganda.org\/#organization","name":"Noah's Ark","url":"https:\/\/noahsark-uganda.org\/","logo":{"@type":"ImageObject","inLanguage":"de","@id":"https:\/\/noahsark-uganda.org\/#\/schema\/logo\/image\/","url":"https:\/\/noahsark-uganda.org\/wp-content\/uploads\/2022\/11\/cropped-logo.jpeg","contentUrl":"https:\/\/noahsark-uganda.org\/wp-content\/uploads\/2022\/11\/cropped-logo.jpeg","width":329,"height":90,"caption":"Noah's Ark"},"image":{"@id":"https:\/\/noahsark-uganda.org\/#\/schema\/logo\/image\/"}}]}},"_links":{"self":[{"href":"https:\/\/noahsark-uganda.org\/de\/wp-json\/wp\/v2\/pages\/36","targetHints":{"allow":["GET"]}}],"collection":[{"href":"https:\/\/noahsark-uganda.org\/de\/wp-json\/wp\/v2\/pages"}],"about":[{"href":"https:\/\/noahsark-uganda.org\/de\/wp-json\/wp\/v2\/types\/page"}],"author":[{"embeddable":true,"href":"https:\/\/noahsark-uganda.org\/de\/wp-json\/wp\/v2\/users\/1"}],"replies":[{"embeddable":true,"href":"https:\/\/noahsark-uganda.org\/de\/wp-json\/wp\/v2\/comments?post=36"}],"version-history":[{"count":7,"href":"https:\/\/noahsark-uganda.org\/de\/wp-json\/wp\/v2\/pages\/36\/revisions"}],"predecessor-version":[{"id":76,"href":"https:\/\/noahsark-uganda.org\/de\/wp-json\/wp\/v2\/pages\/36\/revisions\/76"}],"wp:attachment":[{"href":"https:\/\/noahsark-uganda.org\/de\/wp-json\/wp\/v2\/media?parent=36"}],"curies":[{"name":"wp","href":"https:\/\/api.w.org\/{rel}","templated":true}]}}